{"id":745,"date":"2024-07-10T22:18:54","date_gmt":"2024-07-10T22:18:54","guid":{"rendered":"https:\/\/asit.digital\/?page_id=745"},"modified":"2024-07-10T22:21:40","modified_gmt":"2024-07-10T22:21:40","slug":"aviso-de-privacidad","status":"publish","type":"page","link":"https:\/\/asit.digital\/index.php\/aviso-de-privacidad\/","title":{"rendered":"Aviso de Privacidad"},"content":{"rendered":"\t\t<div data-elementor-type=\"wp-page\" data-elementor-id=\"745\" class=\"elementor elementor-745\" data-elementor-post-type=\"page\">\n\t\t\t\t<div class=\"elementor-element elementor-element-341a8c4 e-flex e-con-boxed e-con e-parent\" data-id=\"341a8c4\" data-element_type=\"container\" data-settings=\"{&quot;background_background&quot;:&quot;gradient&quot;}\">\n\t\t\t\t\t<div class=\"e-con-inner\">\n\t\t\t\t<div class=\"elementor-element elementor-element-31fc132 elementor-widget elementor-widget-spacer\" data-id=\"31fc132\" data-element_type=\"widget\" data-widget_type=\"spacer.default\">\n\t\t\t\t<div class=\"elementor-widget-container\">\n\t\t\t<style>\/*! elementor - v3.21.0 - 08-05-2024 *\/\n.elementor-column .elementor-spacer-inner{height:var(--spacer-size)}.e-con{--container-widget-width:100%}.e-con-inner>.elementor-widget-spacer,.e-con>.elementor-widget-spacer{width:var(--container-widget-width,var(--spacer-size));--align-self:var(--container-widget-align-self,initial);--flex-shrink:0}.e-con-inner>.elementor-widget-spacer>.elementor-widget-container,.e-con>.elementor-widget-spacer>.elementor-widget-container{height:100%;width:100%}.e-con-inner>.elementor-widget-spacer>.elementor-widget-container>.elementor-spacer,.e-con>.elementor-widget-spacer>.elementor-widget-container>.elementor-spacer{height:100%}.e-con-inner>.elementor-widget-spacer>.elementor-widget-container>.elementor-spacer>.elementor-spacer-inner,.e-con>.elementor-widget-spacer>.elementor-widget-container>.elementor-spacer>.elementor-spacer-inner{height:var(--container-widget-height,var(--spacer-size))}.e-con-inner>.elementor-widget-spacer.elementor-widget-empty,.e-con>.elementor-widget-spacer.elementor-widget-empty{position:relative;min-height:22px;min-width:22px}.e-con-inner>.elementor-widget-spacer.elementor-widget-empty .elementor-widget-empty-icon,.e-con>.elementor-widget-spacer.elementor-widget-empty .elementor-widget-empty-icon{position:absolute;top:0;bottom:0;left:0;right:0;margin:auto;padding:0;width:22px;height:22px}<\/style>\t\t<div class=\"elementor-spacer\">\n\t\t\t<div class=\"elementor-spacer-inner\"><\/div>\n\t\t<\/div>\n\t\t\t\t<\/div>\n\t\t\t\t<\/div>\n\t\t\t\t<div class=\"elementor-element elementor-element-6001318 elementor-widget elementor-widget-heading\" data-id=\"6001318\" data-element_type=\"widget\" data-widget_type=\"heading.default\">\n\t\t\t\t<div class=\"elementor-widget-container\">\n\t\t\t<style>\/*! elementor - v3.21.0 - 08-05-2024 *\/\n.elementor-heading-title{padding:0;margin:0;line-height:1}.elementor-widget-heading .elementor-heading-title[class*=elementor-size-]>a{color:inherit;font-size:inherit;line-height:inherit}.elementor-widget-heading .elementor-heading-title.elementor-size-small{font-size:15px}.elementor-widget-heading .elementor-heading-title.elementor-size-medium{font-size:19px}.elementor-widget-heading .elementor-heading-title.elementor-size-large{font-size:29px}.elementor-widget-heading .elementor-heading-title.elementor-size-xl{font-size:39px}.elementor-widget-heading .elementor-heading-title.elementor-size-xxl{font-size:59px}<\/style><h2 class=\"elementor-heading-title elementor-size-default\">Pol\u00edticas de privacidad<\/h2>\t\t<\/div>\n\t\t\t\t<\/div>\n\t\t\t\t<div class=\"elementor-element elementor-element-4e23fab elementor-widget elementor-widget-text-editor\" data-id=\"4e23fab\" data-element_type=\"widget\" data-widget_type=\"text-editor.default\">\n\t\t\t\t<div class=\"elementor-widget-container\">\n\t\t\t<style>\/*! elementor - v3.21.0 - 08-05-2024 *\/\n.elementor-widget-text-editor.elementor-drop-cap-view-stacked .elementor-drop-cap{background-color:#69727d;color:#fff}.elementor-widget-text-editor.elementor-drop-cap-view-framed .elementor-drop-cap{color:#69727d;border:3px solid;background-color:transparent}.elementor-widget-text-editor:not(.elementor-drop-cap-view-default) .elementor-drop-cap{margin-top:8px}.elementor-widget-text-editor:not(.elementor-drop-cap-view-default) .elementor-drop-cap-letter{width:1em;height:1em}.elementor-widget-text-editor .elementor-drop-cap{float:left;text-align:center;line-height:1;font-size:50px}.elementor-widget-text-editor .elementor-drop-cap-letter{display:inline-block}<\/style>\t\t\t\t<p><strong>Asit asesores en tecnolog\u00eda.<\/strong><\/p><p><strong><em>\u00daltima Aviso de privacidad. \u00daltima actualizaci\u00f3n: 10\/10\/2024<\/em><\/strong><\/p>\t\t\t\t\t\t<\/div>\n\t\t\t\t<\/div>\n\t\t\t\t<div class=\"elementor-element elementor-element-277baff elementor-widget elementor-widget-text-editor\" data-id=\"277baff\" data-element_type=\"widget\" data-widget_type=\"text-editor.default\">\n\t\t\t\t<div class=\"elementor-widget-container\">\n\t\t\t\t\t\t\t<p><strong>Asit asesores en tecnolog\u00eda <\/strong>(en lo sucesivo <strong>\u201cAsit\u201d<\/strong>) con domicilio en Av. Miguel Hidalgo #896, Bienestar social C.P 29077. Tuxtla Gutierrez, Chiapas, M\u00e9xico. En cumplimiento a la Ley Federal de Protecci\u00f3n de Datos Personales en Posesi\u00f3n de los Particulares, su reglamento, lineamientos y dem\u00e1s disposiciones relativas y aplicables (en adelante de manera conjunta <strong>\u201cLa Ley\u201d<\/strong>) hace de su conocimiento mediante el presente documento (el\u00a0<strong>\u201cAviso de Privacidad\u201d<\/strong>) su pol\u00edtica de privacidad, as\u00ed como el tratamiento que dar\u00e1 a los datos personales que sean recabados de manera directa a trav\u00e9s de los siguientes medios: v\u00eda telef\u00f3nica; correo electr\u00f3nico; redes sociales (Twitter, Facebook, LinkedIn, Instagram, as\u00ed como cualquier otra red social que <b>Asit <\/b>tenga cuentas activas); aplicaciones electr\u00f3nicas (Whatsapp) y a trav\u00e9s de los sitios web, tanto propios como aquellos con los que cuente autorizaci\u00f3n de terceros, \u00a0garantizando as\u00ed que el tratamiento de sus datos personales se lleve a cabo de manera leg\u00edtima, controlada e informada, preservando el derecho del titular de los datos personales (en lo sucesivo el \u201c<strong>Titular<\/strong>\u201d) a la privacidad y a la autodeterminaci\u00f3n informativa, mediante el uso e implementaci\u00f3n de altas medidas de seguridad t\u00e9cnicas, f\u00edsicas y administrativas, a fin de impedir cualquier da\u00f1o, perdida, alteraci\u00f3n, destrucci\u00f3n, uso, acceso o tratamiento no autorizado.<\/p><p>\u00a0<\/p><p>\u200d<strong>1. RESPONSABILIDAD<\/strong><\/p><p><b>Asit<\/b>, ser\u00e1 responsable del tratamiento que se le d\u00e9 a los datos personales recabados a trav\u00e9s de los medios descritos anteriormente, asimismo, hace de su conocimiento que los datos personales ser\u00e1n tratados y resguardados con base en los principios de licitud, calidad, consentimiento, informaci\u00f3n, finalidad, lealtad, proporcionalidad y responsabilidad, establecidos en la Ley.<\/p><p>\u00a0<\/p><p><strong>2.DATOS PERSONALES RECABADOS<\/strong><\/p><p>\u200dAlgunos de los datos personales que podr\u00e1 recabar <b>Asit <\/b>del Titular de manera enunciativa, m\u00e1s no limitativa son; nombre completo, domicilio, n\u00famero telef\u00f3nico<br \/>(fijo y\/o m\u00f3vil), correo electr\u00f3nico, RFC, CIEC (clave de identificaci\u00f3n electr\u00f3nica), FIEL (firma electr\u00f3nica avanzada) tambi\u00e9n conocida como e.firma, domicilio fiscal entre otros (en lo sucesivo los \u201c<strong>Datos<\/strong>\u00a0<strong>Personales<\/strong>\u201d).<\/p><p><b>Asit <\/b>no solicitar\u00e1 ni recabar\u00e1 datos personales sensibles, entendi\u00e9ndose como tal, aquellos datos personales que afecten a la esfera m\u00e1s \u00edntima del Titular o cuya utilizaci\u00f3n indebida pueda dar origen a discriminaci\u00f3n o conlleve un riesgo grave para \u00e9ste. En particular, se consideran sensibles aquellos que puedan revelar aspectos como origen racial o \u00e9tnico, estado de salud presente y futuro, informaci\u00f3n gen\u00e9tica, creencias religiosas, filos\u00f3ficas y morales, afiliaci\u00f3n sindical, opiniones pol\u00edticas y preferencia sexual.<\/p><p>El Titular de los Datos Personales proporcionados a <b>Asit<\/b>, es responsable, en cualquier caso, de la veracidad, exactitud, vigencia y autenticidad de los datos proporcionados, y se compromete a mantenerlos debidamente actualizados.<\/p><p>\u00a0<\/p><p><strong>3.FINALIDAD<\/strong><\/p><p>Los Datos Personales que sean proporcionados por el Titular a <b>Asit <\/b>ser\u00e1n recabados, de manera enunciativa m\u00e1s no limitativa.<\/p><p>La informaci\u00f3n que recopilamos es para las siguientes finalidades:<\/p><ul><li>Procesar y completar sus pedidos y solicitudes.<\/li><li>Enviarle comunicaciones relacionadas con su cuenta o transacciones.<\/li><li>Proporcionar soporte al cliente y responder a sus consultas.<\/li><li>Mejorar y personalizar su experiencia en nuestro sitio web.<\/li><li>Enviarle correos electr\u00f3nicos promocionales sobre nuevos productos, ofertas especiales u otra informaci\u00f3n que creemos que podr\u00eda ser relevante para usted, siempre y cuando haya dado su consentimiento para recibir dichas comunicaciones.<\/li><\/ul><p>\u00a0<\/p><p><strong>4.TRANSFERENCIA DE DATOS PERSONALES<\/strong><\/p><p><b>Asit <\/b>no transferir\u00e1 los Datos Personales del Titular. En caso que al momento de requerir un producto y\/o servicio \u00e9ste implique transmisi\u00f3n de datos personales, se le har\u00e1 saber al Titular a fin de que otorgue su consentimiento para que los datos proporcionados sean transferidos con la finalidad de suministrar el producto y\/o servicio solicitado.<\/p><p>\u200dLas comunicaciones de Datos Personales que se realicen entre\u00a0<strong>Asit<\/strong>, sus sociedades filiales, los convenios entre <b>Asit <\/b>y terceros y el encargado de \u00e9stos y\/o sus empleados, no ser\u00e1 considerado como trasferencia de datos, por lo que, en este caso, no ser\u00e1 necesario recabar el consentimiento del Titular.<\/p><p>Sin perjuicio de lo anterior <b>Asit <\/b>podr\u00e1 en todo momento revelar y transmitir Informaci\u00f3n cuando por mandato de ley y\/o de autoridad competente le fuere requerido, o por considerar de buena fe que dicha revelaci\u00f3n es necesaria para: i) Cumplir con procesos legales; ii) Responder reclamaciones que involucren cualquier contenido que menoscabe derechos de terceros; iii) Proteger los derechos, la propiedad o la seguridad de <b>Asit<\/b>, sus\u00a0<strong>USUARIOS<\/strong>\u00a0y p\u00fablico en general, y; iv) Cuando la transferencia est\u00e9 prevista en una Ley o Tratado en los que M\u00e9xico sea parte.<\/p><p><strong>\u200d<b>Asit <\/b><\/strong>podr\u00e1 proporcionar los Datos Personales a cualquier autoridad que le requiera la misma, para: (i) interponer cualquier medio de defensa en su favor; (ii) establecer medidas de protecci\u00f3n en contra de actividades il\u00edcitas o situaciones que impliquen riesgo a la seguridad de cualquier persona; y (iv) cualquier otra actividad que la ley o alguna autoridad requiera.<\/p><p>\u00a0<\/p><p>\u200d<strong>5. VIGENCIA<\/strong><\/p><p><strong>\u200d<\/strong>Los Datos Personales ser\u00e1n tratados \u00fanicamente por el tiempo necesario que dure el acto jur\u00eddico que d\u00e9 origen a la relaci\u00f3n contractual y solo para las finalidades antes descritas y\/o de conformidad con lo que establezcan las disposiciones legales aplicables. La obligaci\u00f3n de confidencialidad de las personas que participan en el tratamiento de los Datos Personales subsistir\u00e1 aun despu\u00e9s de terminada la relaci\u00f3n de \u00e9stos con\u00a0<strong>Asit<\/strong>.<\/p><p>\u00a0<\/p><p>\u200d<strong>6. SEGURIDAD<\/strong><\/p><p><strong>\u200dAsit<\/strong>, se compromete a que los Datos Personales ser\u00e1n resguardados bajo estrictas medidas de seguridad administrativas, t\u00e9cnicas y f\u00edsicas las cuales han sido implementadas con el objeto de proteger los Datos Personales contra da\u00f1o, p\u00e9rdida, alteraci\u00f3n, destrucci\u00f3n o el uso, acceso o tratamiento no autorizado. \u00danicamente el personal autorizado por <strong>Asit<\/strong>, tendr\u00e1 acceso a los Datos Personales. El personal autorizado tiene prohibido permitir el acceso a personas no autorizadas y utilizar los datos personales para fines distintos a los establecidos en el presente Aviso de Privacidad.<\/p><p>\u00a0<\/p><p>\u200d<strong>7. DERECHOS A.R.C.O.<\/strong><\/p><ol><li><p><strong>Acceso<\/strong>: Este derecho permite a los usuarios conocer qu\u00e9 datos personales posee <strong>Asit<\/strong> y como\u00a0est\u00e1n siendo tratados, para qu\u00e9 fines y las condiciones del uso que se les est\u00e1 dando.<\/p><\/li><li><p><strong>Rectificaci\u00f3n<\/strong>: Los usuarios tienen derecho a solicitar la correcci\u00f3n de sus datos personales en caso de que sean inexactos, incompletos o no est\u00e9n actualizados.<\/p><\/li><li><p><strong>Cancelaci\u00f3n<\/strong>: Tambi\u00e9n conocido como derecho al olvido, permite a los usuarios solicitar que sus datos personales sean eliminados de los registros cuando considere que ya no son necesarios para los fines para los cuales fueron recopilados, o bien, cuando el tratamiento no est\u00e9 cumpliendo con las disposiciones de la normativa aplicable.<\/p><\/li><li><p><strong>Oposici\u00f3n<\/strong>: Este derecho permite a los usuarios oponerse al tratamiento de sus datos personales en ciertas circunstancias espec\u00edficas, como el tratamiento con fines de marketing directo. El Titular deber\u00e1 considerar que, para ciertos fines, la revocaci\u00f3n del consentimiento al tratamiento de los Datos Personales implicar\u00e1 que <b>Asit <\/b>no pueda seguir proporcionando el producto y\/o servicio solicitado por el Titular.<\/p><\/li><\/ol><p>Estos derechos est\u00e1n establecidos en la Ley Federal de Protecci\u00f3n de Datos Personales en Posesi\u00f3n de los Particulares en M\u00e9xico (LFPDPPP) y en otras legislaciones similares en diferentes pa\u00edses, como parte de los derechos fundamentales de los individuos en relaci\u00f3n con su informaci\u00f3n personal.<\/p><p>En caso de que requiera limitar el uso y\/o divulgaci\u00f3n de los Datos Personales o bien, ejercer cualquiera de sus derechos de acceso, rectificaci\u00f3n,<br \/>cancelaci\u00f3n u oposici\u00f3n (\u201c<strong>Derechos A.R.C.O.<\/strong>\u201d), deber\u00e1 dirigir su solicitud: (i) al correo electr\u00f3nico <a href=\"mailto:Pm@asitconsultoria.com\" target=\"_blank\" rel=\"noopener\">Pm@asitconsultoria.com<\/a> debiendo confirmar la recepci\u00f3n de dicho documento en el tel\u00e9fono\u00a0<strong>+52 961 607 0481<\/strong> en un horario de lunes a viernes de las 9:00 a 16:00 horas, en d\u00edas h\u00e1biles, seg\u00fan corresponda.<\/p><p>El ejercicio de los Derechos A.R.C.O. ser\u00e1 gratuito, debiendo cubrir el Titular los gastos de env\u00edo, reproducci\u00f3n y\/o certificaci\u00f3n de documentos. La respuesta a la reiteraci\u00f3n de una solicitud del Titular tendr\u00e1 un costo que no exceder\u00e1 de 3 veces del valor diario de la Unidad De Medida y Actualizaci\u00f3n vigente.<\/p><p>Para lo anterior, deber\u00e1 informar a\u00a0<strong>Asit<\/strong>, de forma clara y precisa, los Datos Personales que el Titular desea sean rectificados, cancelados o revisados, as\u00ed como el prop\u00f3sito para el cual los aport\u00f3 y en general cumplir los requisitos mencionados en el art. 29 de la Ley Federal de Protecci\u00f3n de Datos Personales en Posesi\u00f3n de Particulares:<\/p><ul><li>\u200dNombre completo del Titular, domicilio, tel\u00e9fono y cuenta de correo electr\u00f3nico, para poder comunicarle la respuesta a su solicitud.<\/li><li>Los documentos que acrediten la identidad o, en su caso, la representaci\u00f3n legal del Titular de los datos personales.<\/li><li>Una descripci\u00f3n clara, sucinta y precisa de lo solicitado.<\/li><li>Cualquier otro elemento o documento que facilite en su caso, dar cumplimiento a su solicitud y\/o para emitir respuesta a la misma.<\/li><\/ul><p><b>Asit <\/b>tendr\u00e1 un plazo no mayor a 20 d\u00edas h\u00e1biles posteriores a la recepci\u00f3n de la solicitud referida para dar respuesta a la misma, y 15 d\u00edas h\u00e1biles m\u00e1s para hacer efectivo el ejercicio del derecho que solicite, en caso de que resulte procedente.<\/p><p>Los plazos antes referidos podr\u00e1n ser ampliados por un periodo igual, siempre y cuando as\u00ed lo justifiquen las circunstancias del caso.<\/p><p>\u00a0<\/p><p><strong>8.AUTORIZACIO\u0301N CON FINES MERCADOT\u00c9CNICOS, PUBLICITARIOS Y CON RESPECTO AL TRATAMIENTO DE DATOS PERSONALES.<\/strong><\/p><p>\u00a0<\/p><ul><li>Autorizacio\u0301n para fines mercadot\u00e9cnicos y publicitarios.<\/li><\/ul><p>\u00a0<\/p><p>El\u00a0<strong>USUARIO<\/strong>\u00a0autoriza\u00a0<strong>Asit<\/strong>, para que la informacio\u0301n contenida en sus bases de datos sea utilizada con fines mercadot\u00e9cnicos y publicitarios, asi\u0301 como para\u00a0recibir en su domicilio o correo electr\u00f3nico publicidad de\u00a0<strong>AGENTEPRO<\/strong>. No obstante, lo anterior, el\u00a0<strong>USUARIO<\/strong> podra\u0301 en cualquier momento revocar la autorizacio\u0301n proporcionada a <strong>Asit <\/strong>en te\u0301rminos del presente Aviso de Privacidad.<\/p><p>\u00a0<\/p><ul><li>Autorizacio\u0301n para el Tratamiento de Datos Personales.<\/li><\/ul><p>\u00a0<\/p><p>En te\u0301rminos de lo establecido por la Ley Federal de Proteccio\u0301n de Datos Personales en Posesio\u0301n de los Particulares, el\u00a0<strong>USUARIO<\/strong> podra\u0301 otorgar a <strong>Asit <\/strong> su consentimiento expreso para el tratamiento de Datos Personales, aceptando el presente Aviso de Privacidad, mediante los cuales <strong>Asit <\/strong>tendra\u0301 la obligacio\u0301n de informar al\u00a0<strong>USUARIO<\/strong>, a trave\u0301s del Aviso de Privacidad, la informacio\u0301n que recaba del mismo y con que\u0301 fines.<\/p><p>\u00a0<\/p><p><strong>9.MODIFICACI\u00d3N AL AVISO DE PRIVACIDAD<\/strong><\/p><p><strong>Asit<\/strong>, se reserva el derecho para cambiar el presente Aviso de Privacidad en cualquier momento, sin previa notificaci\u00f3n o responsabilidad.<\/p><p>Cualquier modificaci\u00f3n al presente aviso le ser\u00e1 notificada a trav\u00e9s del siguiente medio:<\/p><p>\u200d<a href=\"https:\/\/www.agentepro.mx\/aviso-de-privacidad\">https:\/\/www.asit.digital\/aviso-de-privacidad<\/a><\/p><p>La recolecci\u00f3n de informaci\u00f3n, el uso y la divulgaci\u00f3n que haga <strong>Asit<\/strong>, de los Datos Personales ser\u00e1 regida por la versi\u00f3n del Aviso de Privacidad en ese momento<br \/>publicada.<\/p><p>\u200dAsimismo, cualquier cambio de domicilio, n\u00famero telef\u00f3nico, fax y\/o p\u00e1gina web, ser\u00e1 publicado en la p\u00e1gina web se\u00f1alada anteriormente durante diez d\u00edas naturales previos a la fecha efectiva de cambio, y es su responsabilidad consultar este aviso y sus modificaciones.<\/p><p>\u00a0<\/p><p><strong>10.OTORGAMIENTO DEL CONSENTIMIENTO<\/strong><\/p><p>Al proporcionar los Datos Personales el Titular confirma y acepta que ha le\u00eddo y otorga su consentimiento expreso para ajustarse a lo estipulado en el presente Aviso de Privacidad.<\/p><p>\u200d<br \/>\u200d<strong><em>\u00daltima actualizaci\u00f3n: 10\/10\/2024<\/em><\/strong><\/p>\t\t\t\t\t\t<\/div>\n\t\t\t\t<\/div>\n\t\t\t\t\t<\/div>\n\t\t\t\t<\/div>\n\t\t\t\t<\/div>\n\t\t","protected":false},"excerpt":{"rendered":"<p>Pol\u00edticas de privacidad Asit asesores en tecnolog\u00eda. \u00daltima Aviso de privacidad. \u00daltima actualizaci\u00f3n: 10\/10\/2024 Asit asesores en tecnolog\u00eda (en lo sucesivo \u201cAsit\u201d) con domicilio en Av. Miguel Hidalgo #896, Bienestar social C.P 29077. Tuxtla Gutierrez, Chiapas, M\u00e9xico. En cumplimiento a la Ley Federal de Protecci\u00f3n de Datos Personales en Posesi\u00f3n de los Particulares, su reglamento, [&hellip;]<\/p>\n","protected":false},"author":1,"featured_media":0,"parent":0,"menu_order":0,"comment_status":"closed","ping_status":"closed","template":"","meta":{"footnotes":""},"_links":{"self":[{"href":"https:\/\/asit.digital\/index.php\/wp-json\/wp\/v2\/pages\/745"}],"collection":[{"href":"https:\/\/asit.digital\/index.php\/wp-json\/wp\/v2\/pages"}],"about":[{"href":"https:\/\/asit.digital\/index.php\/wp-json\/wp\/v2\/types\/page"}],"author":[{"embeddable":true,"href":"https:\/\/asit.digital\/index.php\/wp-json\/wp\/v2\/users\/1"}],"replies":[{"embeddable":true,"href":"https:\/\/asit.digital\/index.php\/wp-json\/wp\/v2\/comments?post=745"}],"version-history":[{"count":4,"href":"https:\/\/asit.digital\/index.php\/wp-json\/wp\/v2\/pages\/745\/revisions"}],"predecessor-version":[{"id":749,"href":"https:\/\/asit.digital\/index.php\/wp-json\/wp\/v2\/pages\/745\/revisions\/749"}],"wp:attachment":[{"href":"https:\/\/asit.digital\/index.php\/wp-json\/wp\/v2\/media?parent=745"}],"curies":[{"name":"wp","href":"https:\/\/api.w.org\/{rel}","templated":true}]}}